{"id":2,"date":"2018-03-11T17:43:34","date_gmt":"2018-03-11T16:43:34","guid":{"rendered":"http:\/\/systemykontenerowe.com\/?page_id=2"},"modified":"2025-03-02T23:58:01","modified_gmt":"2025-03-02T22:58:01","slug":"przykladowa-strona","status":"publish","type":"page","link":"https:\/\/systemykontenerowe.com\/index.php\/przykladowa-strona\/","title":{"rendered":"Oferta"},"content":{"rendered":"<h5 id=\"yui_3_16_0_ym19_1_1521565286766_2497\" class=\"yiv8363856523MsoNormal\"><strong><span id=\"yui_3_16_0_ym19_1_1521565286766_2496\">Zajmujemy si\u0119: <\/span><\/strong><\/h5>\n<ul>\n<li class=\"yiv8363856523MsoNormal\"><span id=\"yui_3_16_0_ym19_1_1521565286766_2496\">sprzeda\u017c\u0105, monta\u017cem, skupem oraz relokacj\u0105 kontener\u00f3w modu\u0142owych<\/span><\/li>\n<li>sprzeda\u017c\u0105 kontener\u00f3w morskich<\/li>\n<li>projektowaniem obiekt\u00f3w modu\u0142owych<\/li>\n<li id=\"yui_3_16_0_ym19_1_1521565286766_2500\" class=\"yiv8363856523MsoNormal\"><span id=\"yui_3_16_0_ym19_1_1521565286766_2499\">rozprowadzaniem sieci IT<\/span><\/li>\n<li class=\"yiv8363856523MsoNormal\"><span id=\"yui_3_16_0_ym19_1_1521565286766_2499\">budow\u0105 instalacji i przy\u0142\u0105czy wodno-kanalizacyjnych<\/span><\/li>\n<li class=\"yiv8363856523MsoNormal\"><span id=\"yui_3_16_0_ym19_1_1521565286766_2499\"> budow\u0105 sieci elektrycznych<\/span><\/li>\n<li>monta\u017cem oraz serwisem klimatyzacji<\/li>\n<\/ul>\n<h5 id=\"yui_3_16_0_ym19_1_1521565286766_2504\" class=\"yiv8363856523MsoNormal\"><strong><span id=\"yui_3_16_0_ym19_1_1521565286766_2503\">Wykonujemy wszelkiego rodzaju obiekty, zar\u00f3wno projekty indywidualne jak i u\u017cyteczno\u015bci publicznej, m.in.: <\/span><\/strong><\/h5>\n<ul>\n<li class=\"yiv8363856523MsoNormal\"><span id=\"yui_3_16_0_ym19_1_1521565286766_2503\">biura sprzeda\u017cy<\/span><\/li>\n<li>zaplecza socjalne<\/li>\n<li>obiekty gastronomiczne<\/li>\n<li>magazyny<\/li>\n<li>domki ca\u0142oroczne<\/li>\n<li class=\"yiv8363856523MsoNormal\"><span id=\"yui_3_16_0_ym19_1_1521565286766_2503\">szko\u0142y i przedszkola<\/span><\/li>\n<li class=\"yiv8363856523MsoNormal\"><span id=\"yui_3_16_0_ym19_1_1521565286766_2503\"> obiekty eventowe<\/span><\/li>\n<li>projekty niestandardowe<\/li>\n<\/ul>\n<h5><strong>Nasze realizacje cechuje kompleksowo\u015b\u0107, wysoka jako\u015b\u0107 wykonania oraz dba\u0142o\u015b\u0107 o ka\u017cdy szczeg\u00f3\u0142.<\/strong><\/h5>\n","protected":false},"excerpt":{"rendered":"<p>Zajmujemy si\u0119: sprzeda\u017c\u0105, monta\u017cem, skupem oraz relokacj\u0105 kontener\u00f3w modu\u0142owych sprzeda\u017c\u0105 kontener\u00f3w morskich projektowaniem obiekt\u00f3w modu\u0142owych rozprowadzaniem sieci IT budow\u0105 instalacji i przy\u0142\u0105czy wodno-kanalizacyjnych budow\u0105 sieci elektrycznych monta\u017cem oraz serwisem klimatyzacji Wykonujemy wszelkiego rodzaju obiekty, zar\u00f3wno projekty indywidualne jak i u\u017cyteczno\u015bci publicznej, m.in.: biura sprzeda\u017cy zaplecza socjalne obiekty gastronomiczne magazyny domki ca\u0142oroczne szko\u0142y i przedszkola obiekty [&hellip;]<\/p>\n","protected":false},"author":1,"featured_media":0,"parent":0,"menu_order":0,"comment_status":"closed","ping_status":"open","template":"","meta":{"_themeisle_gutenberg_block_has_review":false,"footnotes":""},"class_list":["post-2","page","type-page","status-publish","hentry"],"_links":{"self":[{"href":"https:\/\/systemykontenerowe.com\/index.php\/wp-json\/wp\/v2\/pages\/2","targetHints":{"allow":["GET"]}}],"collection":[{"href":"https:\/\/systemykontenerowe.com\/index.php\/wp-json\/wp\/v2\/pages"}],"about":[{"href":"https:\/\/systemykontenerowe.com\/index.php\/wp-json\/wp\/v2\/types\/page"}],"author":[{"embeddable":true,"href":"https:\/\/systemykontenerowe.com\/index.php\/wp-json\/wp\/v2\/users\/1"}],"replies":[{"embeddable":true,"href":"https:\/\/systemykontenerowe.com\/index.php\/wp-json\/wp\/v2\/comments?post=2"}],"version-history":[{"count":9,"href":"https:\/\/systemykontenerowe.com\/index.php\/wp-json\/wp\/v2\/pages\/2\/revisions"}],"predecessor-version":[{"id":240,"href":"https:\/\/systemykontenerowe.com\/index.php\/wp-json\/wp\/v2\/pages\/2\/revisions\/240"}],"wp:attachment":[{"href":"https:\/\/systemykontenerowe.com\/index.php\/wp-json\/wp\/v2\/media?parent=2"}],"curies":[{"name":"wp","href":"https:\/\/api.w.org\/{rel}","templated":true}]}}